{"id":203,"date":"2022-06-22T10:42:25","date_gmt":"2022-06-22T10:42:25","guid":{"rendered":"https:\/\/ozeldevakoleji.com\/?page_id=203"},"modified":"2022-06-22T11:04:07","modified_gmt":"2022-06-22T11:04:07","slug":"okul-tanitimi","status":"publish","type":"page","link":"https:\/\/ozeldevakoleji.com\/index.php\/okul-tanitimi\/","title":{"rendered":"Okul Tan\u0131t\u0131m\u0131"},"content":{"rendered":"\n<figure class=\"wp-block-video\"><video controls src=\"https:\/\/ozeldevakoleji.com\/ozeldevakoleji.mp4\"><\/video><\/figure>\n","protected":false},"excerpt":{"rendered":"","protected":false},"author":1,"featured_media":0,"parent":0,"menu_order":0,"comment_status":"closed","ping_status":"closed","template":"","meta":{"footnotes":""},"class_list":["post-203","page","type-page","status-publish","hentry"],"_links":{"self":[{"href":"https:\/\/ozeldevakoleji.com\/index.php\/wp-json\/wp\/v2\/pages\/203","targetHints":{"allow":["GET"]}}],"collection":[{"href":"https:\/\/ozeldevakoleji.com\/index.php\/wp-json\/wp\/v2\/pages"}],"about":[{"href":"https:\/\/ozeldevakoleji.com\/index.php\/wp-json\/wp\/v2\/types\/page"}],"author":[{"embeddable":true,"href":"https:\/\/ozeldevakoleji.com\/index.php\/wp-json\/wp\/v2\/users\/1"}],"replies":[{"embeddable":true,"href":"https:\/\/ozeldevakoleji.com\/index.php\/wp-json\/wp\/v2\/comments?post=203"}],"version-history":[{"count":5,"href":"https:\/\/ozeldevakoleji.com\/index.php\/wp-json\/wp\/v2\/pages\/203\/revisions"}],"predecessor-version":[{"id":210,"href":"https:\/\/ozeldevakoleji.com\/index.php\/wp-json\/wp\/v2\/pages\/203\/revisions\/210"}],"wp:attachment":[{"href":"https:\/\/ozeldevakoleji.com\/index.php\/wp-json\/wp\/v2\/media?parent=203"}],"curies":[{"name":"wp","href":"https:\/\/api.w.org\/{rel}","templated":true}]}}