{"id":165,"date":"2022-02-09T07:09:44","date_gmt":"2022-02-09T07:09:44","guid":{"rendered":"https:\/\/ozeldevakoleji.com\/?page_id=165"},"modified":"2022-02-09T07:11:09","modified_gmt":"2022-02-09T07:11:09","slug":"misyonumuz","status":"publish","type":"page","link":"https:\/\/ozeldevakoleji.com\/index.php\/misyonumuz\/","title":{"rendered":"Misyonumuz"},"content":{"rendered":"\n<p class=\"has-medium-font-size\"><strong>M\u0130SYONUMUZ: <\/strong>\u201cMesleki Teknik ve Akademik e\u011fitim alan\u0131nda ,y\u00fcksek \u00f6\u011frenim ve i\u015f d\u00fcnyas\u0131n\u0131n beklentilerine uygun, manevi de\u011ferlere sahip,geli\u015fmelere a\u00e7\u0131k,teknolojiyi takip eden, mesleki ve k\u00fclt\u00fcrel bilgiye ula\u015fan ve kullanan karar verme becerisi geli\u015fmi\u015f inovatif d\u00fc\u015f\u00fcnen,giri\u015fimci,lider,mutlu ve \u00f6zg\u00fcr bireyler yeti\u015ftirmektir\u201d.<\/p>\n","protected":false},"excerpt":{"rendered":"<p>M\u0130SYONUMUZ: \u201cMesleki Teknik ve Akademik e\u011fitim alan\u0131nda ,y\u00fcksek \u00f6\u011frenim ve i\u015f d\u00fcnyas\u0131n\u0131n beklentilerine uygun, manevi de\u011ferlere sahip,geli\u015fmelere a\u00e7\u0131k,teknolojiyi takip eden, mesleki ve k\u00fclt\u00fcrel bilgiye ula\u015fan ve kullanan karar verme becerisi geli\u015fmi\u015f inovatif d\u00fc\u015f\u00fcnen,giri\u015fimci,lider,mutlu ve \u00f6zg\u00fcr bireyler yeti\u015ftirmektir\u201d.<\/p>\n","protected":false},"author":1,"featured_media":0,"parent":0,"menu_order":0,"comment_status":"closed","ping_status":"closed","template":"","meta":{"footnotes":""},"class_list":["post-165","page","type-page","status-publish","hentry"],"_links":{"self":[{"href":"https:\/\/ozeldevakoleji.com\/index.php\/wp-json\/wp\/v2\/pages\/165","targetHints":{"allow":["GET"]}}],"collection":[{"href":"https:\/\/ozeldevakoleji.com\/index.php\/wp-json\/wp\/v2\/pages"}],"about":[{"href":"https:\/\/ozeldevakoleji.com\/index.php\/wp-json\/wp\/v2\/types\/page"}],"author":[{"embeddable":true,"href":"https:\/\/ozeldevakoleji.com\/index.php\/wp-json\/wp\/v2\/users\/1"}],"replies":[{"embeddable":true,"href":"https:\/\/ozeldevakoleji.com\/index.php\/wp-json\/wp\/v2\/comments?post=165"}],"version-history":[{"count":4,"href":"https:\/\/ozeldevakoleji.com\/index.php\/wp-json\/wp\/v2\/pages\/165\/revisions"}],"predecessor-version":[{"id":170,"href":"https:\/\/ozeldevakoleji.com\/index.php\/wp-json\/wp\/v2\/pages\/165\/revisions\/170"}],"wp:attachment":[{"href":"https:\/\/ozeldevakoleji.com\/index.php\/wp-json\/wp\/v2\/media?parent=165"}],"curies":[{"name":"wp","href":"https:\/\/api.w.org\/{rel}","templated":true}]}}