{"id":162,"date":"2022-02-09T07:08:51","date_gmt":"2022-02-09T07:08:51","guid":{"rendered":"https:\/\/ozeldevakoleji.com\/?page_id=162"},"modified":"2022-02-09T07:12:38","modified_gmt":"2022-02-09T07:12:38","slug":"vizyonumuz","status":"publish","type":"page","link":"https:\/\/ozeldevakoleji.com\/index.php\/vizyonumuz\/","title":{"rendered":"Vizyonumuz"},"content":{"rendered":"\n<p class=\"has-medium-font-size\"><strong>V\u0130ZYONUMUZ: <\/strong>\u201c\u00dclkemizin mesleki e\u011fitim alan\u0131ndaki geli\u015fmelerinin \u00f6n\u00fcnde model;\u00e7al\u0131\u015fanlar\u0131 ve \u00f6\u011frencileri ile \u00e7evre taraf\u0131ndan \u00f6rnek al\u0131nacak lider bir kurum olacakt\u0131r\u201d.<\/p>\n\n\n\n<p class=\"has-medium-font-size\">Mesle\u011finde lider eleman yeti\u015ftiren ve \u00fclke \u00e7ap\u0131nda tan\u0131nan marka bir kurum olmak.<\/p>\n","protected":false},"excerpt":{"rendered":"<p>V\u0130ZYONUMUZ: \u201c\u00dclkemizin mesleki e\u011fitim alan\u0131ndaki geli\u015fmelerinin \u00f6n\u00fcnde model;\u00e7al\u0131\u015fanlar\u0131 ve \u00f6\u011frencileri ile \u00e7evre taraf\u0131ndan \u00f6rnek al\u0131nacak lider bir kurum olacakt\u0131r\u201d. Mesle\u011finde lider eleman yeti\u015ftiren ve \u00fclke \u00e7ap\u0131nda tan\u0131nan marka bir kurum olmak.<\/p>\n","protected":false},"author":1,"featured_media":0,"parent":0,"menu_order":0,"comment_status":"closed","ping_status":"closed","template":"","meta":{"footnotes":""},"class_list":["post-162","page","type-page","status-publish","hentry"],"_links":{"self":[{"href":"https:\/\/ozeldevakoleji.com\/index.php\/wp-json\/wp\/v2\/pages\/162","targetHints":{"allow":["GET"]}}],"collection":[{"href":"https:\/\/ozeldevakoleji.com\/index.php\/wp-json\/wp\/v2\/pages"}],"about":[{"href":"https:\/\/ozeldevakoleji.com\/index.php\/wp-json\/wp\/v2\/types\/page"}],"author":[{"embeddable":true,"href":"https:\/\/ozeldevakoleji.com\/index.php\/wp-json\/wp\/v2\/users\/1"}],"replies":[{"embeddable":true,"href":"https:\/\/ozeldevakoleji.com\/index.php\/wp-json\/wp\/v2\/comments?post=162"}],"version-history":[{"count":2,"href":"https:\/\/ozeldevakoleji.com\/index.php\/wp-json\/wp\/v2\/pages\/162\/revisions"}],"predecessor-version":[{"id":171,"href":"https:\/\/ozeldevakoleji.com\/index.php\/wp-json\/wp\/v2\/pages\/162\/revisions\/171"}],"wp:attachment":[{"href":"https:\/\/ozeldevakoleji.com\/index.php\/wp-json\/wp\/v2\/media?parent=162"}],"curies":[{"name":"wp","href":"https:\/\/api.w.org\/{rel}","templated":true}]}}