{"id":125,"date":"2022-02-06T20:12:52","date_gmt":"2022-02-06T20:12:52","guid":{"rendered":"https:\/\/ozeldevakoleji.com\/?page_id=125"},"modified":"2022-02-09T08:38:46","modified_gmt":"2022-02-09T08:38:46","slug":"okulumuz","status":"publish","type":"page","link":"https:\/\/ozeldevakoleji.com\/index.php\/okulumuz\/","title":{"rendered":"Okulumuz"},"content":{"rendered":"\n<figure class=\"wp-block-table is-style-stripes has-small-font-size\"><table><tbody><tr><td><strong>OKUL M\u00dcD\u00dcR\u00dc<\/strong> <strong>&nbsp;  \u015eENAY D\u0130LC\u0130<\/strong><\/td><td class=\"has-text-align-left\" data-align=\"left\"><img decoding=\"async\" src=\"https:\/\/ozeldevakoleji.com\/wp-content\/uploads\/2022\/01\/WhatsApp-Image-2021-10-06-at-12.13.21.jpeg\" alt=\"\">                                                                                                                                                                 <\/td><\/tr><tr><td><strong>M\u00dcD\u00dcR YARDIMCISI<\/strong> <strong>&nbsp;<\/strong><\/td><td class=\"has-text-align-left\" data-align=\"left\"><strong>OSMAN FARUK BAKAN<\/strong><\/td><\/tr><tr><td><strong>OKUL A\u0130LE B\u0130RL\u0130\u011e\u0130 BA\u015eKANI<\/strong> <strong>&nbsp;<\/strong><\/td><td class=\"has-text-align-left\" data-align=\"left\"><strong>PINAR SAKA<\/strong><\/td><\/tr><tr><td><strong>OKUL\/KURUM ADRES\u0130<\/strong> <strong>&nbsp;<\/strong><\/td><td class=\"has-text-align-left\" data-align=\"left\"><strong>H\u00fcrriyet mahallesi \u0130smet \u0130n\u00f6n\u00fc B. No:276 Yeni\u015fehir\/Mersin<\/strong><\/td><\/tr><tr><td><strong>OKUL\/KURUM TELEFONU<\/strong><strong><\/strong> <strong>&nbsp;<\/strong><\/td><td class=\"has-text-align-left\" data-align=\"left\"><strong>0324 325 10 70<\/strong><\/td><\/tr><tr><td><strong>FAKS<\/strong> <strong>&nbsp;<\/strong><\/td><td class=\"has-text-align-left\" data-align=\"left\"><strong>0324 237 81 63<\/strong><\/td><\/tr><tr><td><strong>E -POSTA ADRES\u0130<\/strong> <strong>&nbsp;<\/strong><\/td><td class=\"has-text-align-left\" data-align=\"left\"><strong>Deva.asml33@gmail.com<\/strong><\/td><\/tr><tr><td><strong>VERG\u0130 NUMARASI<\/strong> <strong>&nbsp;<\/strong><\/td><td class=\"has-text-align-left\" data-align=\"left\"><strong>9480448335<\/strong><\/td><\/tr><tr><td><strong>\u00d6\u011eRET\u0130M \u015eEKL\u0130<\/strong> <strong>&nbsp;<\/strong><\/td><td class=\"has-text-align-left\" data-align=\"left\"><strong>NORMAL E\u011e\u0130T\u0130M<\/strong><\/td><\/tr><tr><td><strong>H\u0130ZMETE G\u0130R\u0130\u015e YILI<\/strong> <strong>&nbsp;<\/strong><\/td><td class=\"has-text-align-left\" data-align=\"left\"><strong>2013<\/strong><\/td><\/tr><tr><td><strong>Y\u00dcZ \u00d6L\u00c7\u00dcM\u00dc<\/strong> <strong>&nbsp;<\/strong><\/td><td class=\"has-text-align-left\" data-align=\"left\"><strong>1300m2<\/strong><\/td><\/tr><tr><td><strong>ISINMA DURUMU<\/strong> <strong>&nbsp;<\/strong><\/td><td class=\"has-text-align-left\" data-align=\"left\"><strong>KL\u0130MA<\/strong><\/td><\/tr><tr><td><strong>ALANLAR<\/strong><\/td><td class=\"has-text-align-left\" data-align=\"left\"><strong>ELEKTR\u0130K-ELEKTRON\u0130K VE SA\u011eLIK<\/strong><\/td><\/tr><\/tbody><\/table><\/figure>\n\n\n\n<figure class=\"wp-block-gallery has-nested-images columns-default is-cropped wp-block-gallery-1 is-layout-flex wp-block-gallery-is-layout-flex\">\n<figure class=\"wp-block-image size-large\"><img loading=\"lazy\" decoding=\"async\" width=\"1024\" height=\"768\" data-id=\"131\" src=\"https:\/\/ozeldevakoleji.com\/wp-content\/uploads\/2022\/02\/WhatsApp-Image-2021-10-06-at-15.10.46-1024x768.jpeg\" alt=\"\" class=\"wp-image-131\" srcset=\"https:\/\/ozeldevakoleji.com\/wp-content\/uploads\/2022\/02\/WhatsApp-Image-2021-10-06-at-15.10.46-1024x768.jpeg 1024w, https:\/\/ozeldevakoleji.com\/wp-content\/uploads\/2022\/02\/WhatsApp-Image-2021-10-06-at-15.10.46-300x225.jpeg 300w, https:\/\/ozeldevakoleji.com\/wp-content\/uploads\/2022\/02\/WhatsApp-Image-2021-10-06-at-15.10.46-768x576.jpeg 768w, https:\/\/ozeldevakoleji.com\/wp-content\/uploads\/2022\/02\/WhatsApp-Image-2021-10-06-at-15.10.46-1536x1152.jpeg 1536w, https:\/\/ozeldevakoleji.com\/wp-content\/uploads\/2022\/02\/WhatsApp-Image-2021-10-06-at-15.10.46.jpeg 2048w\" sizes=\"auto, (max-width: 1024px) 100vw, 1024px\" \/><\/figure>\n\n\n\n<figure class=\"wp-block-image size-large\"><img loading=\"lazy\" decoding=\"async\" width=\"1024\" height=\"768\" data-id=\"132\" src=\"https:\/\/ozeldevakoleji.com\/wp-content\/uploads\/2022\/02\/WhatsApp-Image-2021-10-06-at-15.10.47-1024x768.jpeg\" alt=\"\" class=\"wp-image-132\" srcset=\"https:\/\/ozeldevakoleji.com\/wp-content\/uploads\/2022\/02\/WhatsApp-Image-2021-10-06-at-15.10.47-1024x768.jpeg 1024w, https:\/\/ozeldevakoleji.com\/wp-content\/uploads\/2022\/02\/WhatsApp-Image-2021-10-06-at-15.10.47-300x225.jpeg 300w, https:\/\/ozeldevakoleji.com\/wp-content\/uploads\/2022\/02\/WhatsApp-Image-2021-10-06-at-15.10.47-768x576.jpeg 768w, https:\/\/ozeldevakoleji.com\/wp-content\/uploads\/2022\/02\/WhatsApp-Image-2021-10-06-at-15.10.47-1536x1152.jpeg 1536w, https:\/\/ozeldevakoleji.com\/wp-content\/uploads\/2022\/02\/WhatsApp-Image-2021-10-06-at-15.10.47.jpeg 2048w\" sizes=\"auto, (max-width: 1024px) 100vw, 1024px\" \/><\/figure>\n\n\n\n<figure class=\"wp-block-image size-large\"><img loading=\"lazy\" decoding=\"async\" width=\"1024\" height=\"768\" data-id=\"133\" src=\"https:\/\/ozeldevakoleji.com\/wp-content\/uploads\/2022\/02\/WhatsApp-Image-2021-10-06-at-15.10.50-1024x768.jpeg\" alt=\"\" class=\"wp-image-133\" srcset=\"https:\/\/ozeldevakoleji.com\/wp-content\/uploads\/2022\/02\/WhatsApp-Image-2021-10-06-at-15.10.50-1024x768.jpeg 1024w, https:\/\/ozeldevakoleji.com\/wp-content\/uploads\/2022\/02\/WhatsApp-Image-2021-10-06-at-15.10.50-300x225.jpeg 300w, https:\/\/ozeldevakoleji.com\/wp-content\/uploads\/2022\/02\/WhatsApp-Image-2021-10-06-at-15.10.50-768x576.jpeg 768w, https:\/\/ozeldevakoleji.com\/wp-content\/uploads\/2022\/02\/WhatsApp-Image-2021-10-06-at-15.10.50-1536x1152.jpeg 1536w, https:\/\/ozeldevakoleji.com\/wp-content\/uploads\/2022\/02\/WhatsApp-Image-2021-10-06-at-15.10.50.jpeg 2048w\" sizes=\"auto, (max-width: 1024px) 100vw, 1024px\" \/><\/figure>\n\n\n\n<figure class=\"wp-block-image size-large\"><img loading=\"lazy\" decoding=\"async\" width=\"1024\" height=\"768\" data-id=\"130\" src=\"https:\/\/ozeldevakoleji.com\/wp-content\/uploads\/2022\/02\/WhatsApp-Image-2021-10-06-at-15.10.51-1-1024x768.jpeg\" alt=\"\" class=\"wp-image-130\" srcset=\"https:\/\/ozeldevakoleji.com\/wp-content\/uploads\/2022\/02\/WhatsApp-Image-2021-10-06-at-15.10.51-1-1024x768.jpeg 1024w, https:\/\/ozeldevakoleji.com\/wp-content\/uploads\/2022\/02\/WhatsApp-Image-2021-10-06-at-15.10.51-1-300x225.jpeg 300w, https:\/\/ozeldevakoleji.com\/wp-content\/uploads\/2022\/02\/WhatsApp-Image-2021-10-06-at-15.10.51-1-768x576.jpeg 768w, https:\/\/ozeldevakoleji.com\/wp-content\/uploads\/2022\/02\/WhatsApp-Image-2021-10-06-at-15.10.51-1-1536x1152.jpeg 1536w, https:\/\/ozeldevakoleji.com\/wp-content\/uploads\/2022\/02\/WhatsApp-Image-2021-10-06-at-15.10.51-1.jpeg 2048w\" sizes=\"auto, (max-width: 1024px) 100vw, 1024px\" \/><\/figure>\n\n\n\n<figure class=\"wp-block-image size-large\"><img loading=\"lazy\" decoding=\"async\" width=\"1024\" height=\"768\" data-id=\"126\" src=\"https:\/\/ozeldevakoleji.com\/wp-content\/uploads\/2022\/02\/WhatsApp-Image-2021-10-06-at-15.10.52-1024x768.jpeg\" alt=\"\" class=\"wp-image-126\" srcset=\"https:\/\/ozeldevakoleji.com\/wp-content\/uploads\/2022\/02\/WhatsApp-Image-2021-10-06-at-15.10.52-1024x768.jpeg 1024w, https:\/\/ozeldevakoleji.com\/wp-content\/uploads\/2022\/02\/WhatsApp-Image-2021-10-06-at-15.10.52-300x225.jpeg 300w, https:\/\/ozeldevakoleji.com\/wp-content\/uploads\/2022\/02\/WhatsApp-Image-2021-10-06-at-15.10.52-768x576.jpeg 768w, https:\/\/ozeldevakoleji.com\/wp-content\/uploads\/2022\/02\/WhatsApp-Image-2021-10-06-at-15.10.52-1536x1152.jpeg 1536w, https:\/\/ozeldevakoleji.com\/wp-content\/uploads\/2022\/02\/WhatsApp-Image-2021-10-06-at-15.10.52.jpeg 1600w\" sizes=\"auto, (max-width: 1024px) 100vw, 1024px\" \/><\/figure>\n\n\n\n<figure class=\"wp-block-image size-large\"><img loading=\"lazy\" decoding=\"async\" width=\"1024\" height=\"565\" data-id=\"128\" src=\"https:\/\/ozeldevakoleji.com\/wp-content\/uploads\/2022\/02\/WhatsApp-Image-2021-10-06-at-15.13.25-1024x565.jpeg\" alt=\"\" class=\"wp-image-128\" srcset=\"https:\/\/ozeldevakoleji.com\/wp-content\/uploads\/2022\/02\/WhatsApp-Image-2021-10-06-at-15.13.25-1024x565.jpeg 1024w, https:\/\/ozeldevakoleji.com\/wp-content\/uploads\/2022\/02\/WhatsApp-Image-2021-10-06-at-15.13.25-300x166.jpeg 300w, https:\/\/ozeldevakoleji.com\/wp-content\/uploads\/2022\/02\/WhatsApp-Image-2021-10-06-at-15.13.25-768x424.jpeg 768w, https:\/\/ozeldevakoleji.com\/wp-content\/uploads\/2022\/02\/WhatsApp-Image-2021-10-06-at-15.13.25.jpeg 1152w\" sizes=\"auto, (max-width: 1024px) 100vw, 1024px\" \/><\/figure>\n\n\n\n<figure class=\"wp-block-image size-large\"><img loading=\"lazy\" decoding=\"async\" width=\"1024\" height=\"575\" data-id=\"134\" src=\"https:\/\/ozeldevakoleji.com\/wp-content\/uploads\/2022\/02\/WhatsApp-Image-2021-10-06-at-15.13.27-1s-1024x575.jpeg\" alt=\"\" class=\"wp-image-134\" srcset=\"https:\/\/ozeldevakoleji.com\/wp-content\/uploads\/2022\/02\/WhatsApp-Image-2021-10-06-at-15.13.27-1s-1024x575.jpeg 1024w, https:\/\/ozeldevakoleji.com\/wp-content\/uploads\/2022\/02\/WhatsApp-Image-2021-10-06-at-15.13.27-1s-300x168.jpeg 300w, https:\/\/ozeldevakoleji.com\/wp-content\/uploads\/2022\/02\/WhatsApp-Image-2021-10-06-at-15.13.27-1s-768x431.jpeg 768w, https:\/\/ozeldevakoleji.com\/wp-content\/uploads\/2022\/02\/WhatsApp-Image-2021-10-06-at-15.13.27-1s.jpeg 1133w\" sizes=\"auto, (max-width: 1024px) 100vw, 1024px\" \/><\/figure>\n\n\n\n<figure class=\"wp-block-image size-large\"><img loading=\"lazy\" decoding=\"async\" width=\"1024\" height=\"558\" data-id=\"129\" src=\"https:\/\/ozeldevakoleji.com\/wp-content\/uploads\/2022\/02\/WhatsApp-Image-2021-10-06-at-15.13.27-1024x558.jpeg\" alt=\"\" class=\"wp-image-129\" srcset=\"https:\/\/ozeldevakoleji.com\/wp-content\/uploads\/2022\/02\/WhatsApp-Image-2021-10-06-at-15.13.27-1024x558.jpeg 1024w, https:\/\/ozeldevakoleji.com\/wp-content\/uploads\/2022\/02\/WhatsApp-Image-2021-10-06-at-15.13.27-300x164.jpeg 300w, https:\/\/ozeldevakoleji.com\/wp-content\/uploads\/2022\/02\/WhatsApp-Image-2021-10-06-at-15.13.27-768x419.jpeg 768w, https:\/\/ozeldevakoleji.com\/wp-content\/uploads\/2022\/02\/WhatsApp-Image-2021-10-06-at-15.13.27.jpeg 1152w\" sizes=\"auto, (max-width: 1024px) 100vw, 1024px\" \/><\/figure>\n<\/figure>\n\n\n\n<figure class=\"wp-block-gallery has-nested-images columns-default is-cropped wp-block-gallery-2 is-layout-flex wp-block-gallery-is-layout-flex\">\n<figure class=\"wp-block-image size-large\"><img loading=\"lazy\" decoding=\"async\" width=\"768\" height=\"1024\" data-id=\"191\" src=\"https:\/\/ozeldevakoleji.com\/wp-content\/uploads\/2022\/02\/WhatsApp-Image-2021-10-06-at-12.13.24-3.jpeg\" alt=\"\" class=\"wp-image-191\" srcset=\"https:\/\/ozeldevakoleji.com\/wp-content\/uploads\/2022\/02\/WhatsApp-Image-2021-10-06-at-12.13.24-3.jpeg 768w, https:\/\/ozeldevakoleji.com\/wp-content\/uploads\/2022\/02\/WhatsApp-Image-2021-10-06-at-12.13.24-3-225x300.jpeg 225w\" sizes=\"auto, (max-width: 768px) 100vw, 768px\" \/><\/figure>\n\n\n\n<figure class=\"wp-block-image size-large\"><img loading=\"lazy\" decoding=\"async\" width=\"1024\" height=\"576\" data-id=\"192\" src=\"https:\/\/ozeldevakoleji.com\/wp-content\/uploads\/2022\/02\/WhatsApp-Image-2021-10-06-at-12.13.24-1.jpeg\" alt=\"\" class=\"wp-image-192\" srcset=\"https:\/\/ozeldevakoleji.com\/wp-content\/uploads\/2022\/02\/WhatsApp-Image-2021-10-06-at-12.13.24-1.jpeg 1024w, https:\/\/ozeldevakoleji.com\/wp-content\/uploads\/2022\/02\/WhatsApp-Image-2021-10-06-at-12.13.24-1-300x169.jpeg 300w, https:\/\/ozeldevakoleji.com\/wp-content\/uploads\/2022\/02\/WhatsApp-Image-2021-10-06-at-12.13.24-1-768x432.jpeg 768w\" sizes=\"auto, (max-width: 1024px) 100vw, 1024px\" \/><\/figure>\n\n\n\n<figure class=\"wp-block-image size-large\"><img loading=\"lazy\" decoding=\"async\" width=\"1024\" height=\"572\" data-id=\"193\" src=\"https:\/\/ozeldevakoleji.com\/wp-content\/uploads\/2022\/02\/WhatsApp-Image-2021-10-06-at-12.13.48-1024x572.jpeg\" alt=\"\" class=\"wp-image-193\" srcset=\"https:\/\/ozeldevakoleji.com\/wp-content\/uploads\/2022\/02\/WhatsApp-Image-2021-10-06-at-12.13.48-1024x572.jpeg 1024w, https:\/\/ozeldevakoleji.com\/wp-content\/uploads\/2022\/02\/WhatsApp-Image-2021-10-06-at-12.13.48-300x168.jpeg 300w, https:\/\/ozeldevakoleji.com\/wp-content\/uploads\/2022\/02\/WhatsApp-Image-2021-10-06-at-12.13.48-768x429.jpeg 768w, https:\/\/ozeldevakoleji.com\/wp-content\/uploads\/2022\/02\/WhatsApp-Image-2021-10-06-at-12.13.48.jpeg 1152w\" sizes=\"auto, (max-width: 1024px) 100vw, 1024px\" \/><\/figure>\n<\/figure>\n","protected":false},"excerpt":{"rendered":"<p>OKUL M\u00dcD\u00dcR\u00dc &nbsp; \u015eENAY D\u0130LC\u0130 M\u00dcD\u00dcR YARDIMCISI &nbsp; OSMAN FARUK BAKAN OKUL A\u0130LE B\u0130RL\u0130\u011e\u0130 BA\u015eKANI &nbsp; PINAR SAKA OKUL\/KURUM ADRES\u0130 &nbsp; H\u00fcrriyet mahallesi \u0130smet \u0130n\u00f6n\u00fc B. No:276 Yeni\u015fehir\/Mersin OKUL\/KURUM TELEFONU &nbsp; 0324 325 10 70 FAKS &nbsp; 0324 237 81 63 E -POSTA ADRES\u0130 &nbsp; Deva.asml33@gmail.com VERG\u0130 NUMARASI &nbsp; 9480448335 \u00d6\u011eRET\u0130M \u015eEKL\u0130 &nbsp; NORMAL E\u011e\u0130T\u0130M [&hellip;]<\/p>\n","protected":false},"author":1,"featured_media":0,"parent":0,"menu_order":0,"comment_status":"closed","ping_status":"closed","template":"","meta":{"footnotes":""},"class_list":["post-125","page","type-page","status-publish","hentry"],"_links":{"self":[{"href":"https:\/\/ozeldevakoleji.com\/index.php\/wp-json\/wp\/v2\/pages\/125","targetHints":{"allow":["GET"]}}],"collection":[{"href":"https:\/\/ozeldevakoleji.com\/index.php\/wp-json\/wp\/v2\/pages"}],"about":[{"href":"https:\/\/ozeldevakoleji.com\/index.php\/wp-json\/wp\/v2\/types\/page"}],"author":[{"embeddable":true,"href":"https:\/\/ozeldevakoleji.com\/index.php\/wp-json\/wp\/v2\/users\/1"}],"replies":[{"embeddable":true,"href":"https:\/\/ozeldevakoleji.com\/index.php\/wp-json\/wp\/v2\/comments?post=125"}],"version-history":[{"count":9,"href":"https:\/\/ozeldevakoleji.com\/index.php\/wp-json\/wp\/v2\/pages\/125\/revisions"}],"predecessor-version":[{"id":194,"href":"https:\/\/ozeldevakoleji.com\/index.php\/wp-json\/wp\/v2\/pages\/125\/revisions\/194"}],"wp:attachment":[{"href":"https:\/\/ozeldevakoleji.com\/index.php\/wp-json\/wp\/v2\/media?parent=125"}],"curies":[{"name":"wp","href":"https:\/\/api.w.org\/{rel}","templated":true}]}}