{"id":111,"date":"2022-02-06T19:52:25","date_gmt":"2022-02-06T19:52:25","guid":{"rendered":"https:\/\/ozeldevakoleji.com\/?page_id=111"},"modified":"2022-02-09T07:51:34","modified_gmt":"2022-02-09T07:51:34","slug":"hakkimizda","status":"publish","type":"page","link":"https:\/\/ozeldevakoleji.com\/index.php\/hakkimizda\/","title":{"rendered":"Hakk\u0131m\u0131zda"},"content":{"rendered":"\n<p>Mersin-Yeni\u015fehir \u0130l\u00e7esinde faaliyet g\u00f6steren Bilgi Y\u00f6n Dershanesi&nbsp; 22 Temmuz 2013 y\u0131l\u0131nda Sa\u011fl\u0131k meslek lisesi olarak faaliyete ge\u00e7mi\u015ftir.2013- 2014 E\u011fitim-\u00d6\u011fretim y\u0131l\u0131nda \u00d6zel Mersin Deva Mesleki ve Teknik Anadolu lisesi olarak hizmet verilmektedir. Mersin ili Yeni\u015fehir \u0130l\u00e7esi H\u00fcrriyet Mahallesinde olup okulumuz 7 \u015fube ve 94 \u00f6\u011frenci kapasitesi ile 2021-2022 e\u011fitim \u00f6\u011fretimine devam etmektedir.<\/p>\n\n\n\n<p>2021-2022 E\u011fitim-\u00d6\u011fretim y\u0131l\u0131nda 14 \u00f6\u011fretmen 1 yard\u0131mc\u0131 hizmetli ile birlikte e\u011fitim \u2013\u00f6\u011fretim hizmetine devam etmekteyiz.Yakla\u015f\u0131k 1300 m2\u2019lik arsa \u00fczerine kurulan okulumuz zemin +4 katl\u0131 olup 8 dersliklidir.<\/p>\n","protected":false},"excerpt":{"rendered":"<p>Mersin-Yeni\u015fehir \u0130l\u00e7esinde faaliyet g\u00f6steren Bilgi Y\u00f6n Dershanesi&nbsp; 22 Temmuz 2013 y\u0131l\u0131nda Sa\u011fl\u0131k meslek lisesi olarak faaliyete ge\u00e7mi\u015ftir.2013- 2014 E\u011fitim-\u00d6\u011fretim y\u0131l\u0131nda \u00d6zel Mersin Deva Mesleki ve Teknik Anadolu lisesi olarak hizmet verilmektedir. Mersin ili Yeni\u015fehir \u0130l\u00e7esi H\u00fcrriyet Mahallesinde olup okulumuz 7 \u015fube ve 94 \u00f6\u011frenci kapasitesi ile 2021-2022 e\u011fitim \u00f6\u011fretimine devam etmektedir. 2021-2022 E\u011fitim-\u00d6\u011fretim y\u0131l\u0131nda 14 [&hellip;]<\/p>\n","protected":false},"author":1,"featured_media":0,"parent":0,"menu_order":0,"comment_status":"closed","ping_status":"closed","template":"","meta":{"footnotes":""},"class_list":["post-111","page","type-page","status-publish","hentry"],"_links":{"self":[{"href":"https:\/\/ozeldevakoleji.com\/index.php\/wp-json\/wp\/v2\/pages\/111","targetHints":{"allow":["GET"]}}],"collection":[{"href":"https:\/\/ozeldevakoleji.com\/index.php\/wp-json\/wp\/v2\/pages"}],"about":[{"href":"https:\/\/ozeldevakoleji.com\/index.php\/wp-json\/wp\/v2\/types\/page"}],"author":[{"embeddable":true,"href":"https:\/\/ozeldevakoleji.com\/index.php\/wp-json\/wp\/v2\/users\/1"}],"replies":[{"embeddable":true,"href":"https:\/\/ozeldevakoleji.com\/index.php\/wp-json\/wp\/v2\/comments?post=111"}],"version-history":[{"count":6,"href":"https:\/\/ozeldevakoleji.com\/index.php\/wp-json\/wp\/v2\/pages\/111\/revisions"}],"predecessor-version":[{"id":184,"href":"https:\/\/ozeldevakoleji.com\/index.php\/wp-json\/wp\/v2\/pages\/111\/revisions\/184"}],"wp:attachment":[{"href":"https:\/\/ozeldevakoleji.com\/index.php\/wp-json\/wp\/v2\/media?parent=111"}],"curies":[{"name":"wp","href":"https:\/\/api.w.org\/{rel}","templated":true}]}}